{"id":1494,"date":"2021-08-30T12:42:56","date_gmt":"2021-08-30T10:42:56","guid":{"rendered":"http:\/\/www.bit-center.net\/?page_id=1494"},"modified":"2021-09-07T16:01:44","modified_gmt":"2021-09-07T14:01:44","slug":"termini-del-servizio","status":"publish","type":"page","link":"https:\/\/www.bit-center.net\/it\/termini-del-servizio\/","title":{"rendered":"Termini del servizio"},"content":{"rendered":"\t\t<div data-elementor-type=\"wp-page\" data-elementor-id=\"1494\" class=\"elementor elementor-1494 elementor-3\" data-elementor-post-type=\"page\">\n\t\t\t\t\t\t<section class=\"elementor-section elementor-top-section elementor-element elementor-element-7a54080 elementor-section-boxed elementor-section-height-default elementor-section-height-default\" data-id=\"7a54080\" data-element_type=\"section\" data-e-type=\"section\" data-settings=\"{&quot;background_background&quot;:&quot;classic&quot;}\">\n\t\t\t\t\t\t\t<div class=\"elementor-background-overlay\"><\/div>\n\t\t\t\t\t\t\t<div class=\"elementor-container elementor-column-gap-default\">\n\t\t\t\t\t<div class=\"elementor-column elementor-col-100 elementor-top-column elementor-element elementor-element-0331e10\" data-id=\"0331e10\" data-element_type=\"column\" data-e-type=\"column\">\n\t\t\t<div class=\"elementor-widget-wrap elementor-element-populated\">\n\t\t\t\t\t\t<section class=\"elementor-section elementor-inner-section elementor-element elementor-element-8ef2ede elementor-section-boxed elementor-section-height-default elementor-section-height-default\" data-id=\"8ef2ede\" data-element_type=\"section\" data-e-type=\"section\">\n\t\t\t\t\t\t<div class=\"elementor-container elementor-column-gap-default\">\n\t\t\t\t\t<div class=\"elementor-column elementor-col-100 elementor-inner-column elementor-element elementor-element-47487f9\" data-id=\"47487f9\" data-element_type=\"column\" data-e-type=\"column\">\n\t\t\t<div class=\"elementor-widget-wrap elementor-element-populated\">\n\t\t\t\t\t\t<div class=\"elementor-element elementor-element-4cf6590 elementor-widget elementor-widget-heading\" data-id=\"4cf6590\" data-element_type=\"widget\" data-e-type=\"widget\" data-widget_type=\"heading.default\">\n\t\t\t\t<div class=\"elementor-widget-container\">\n\t\t\t\t\t<h1 class=\"elementor-heading-title elementor-size-default\">Termini del servizio<\/h1>\t\t\t\t<\/div>\n\t\t\t\t<\/div>\n\t\t\t\t\t<\/div>\n\t\t<\/div>\n\t\t\t\t\t<\/div>\n\t\t<\/section>\n\t\t\t\t\t<\/div>\n\t\t<\/div>\n\t\t\t\t\t<\/div>\n\t\t<\/section>\n\t\t\t\t<section class=\"elementor-section elementor-top-section elementor-element elementor-element-513f8250 elementor-section-boxed elementor-section-height-default elementor-section-height-default\" data-id=\"513f8250\" data-element_type=\"section\" data-e-type=\"section\">\n\t\t\t\t\t\t<div class=\"elementor-container elementor-column-gap-default\">\n\t\t\t\t\t<div class=\"elementor-column elementor-col-100 elementor-top-column elementor-element elementor-element-7402a78d\" data-id=\"7402a78d\" data-element_type=\"column\" data-e-type=\"column\">\n\t\t\t<div class=\"elementor-widget-wrap elementor-element-populated\">\n\t\t\t\t\t\t<div class=\"elementor-element elementor-element-dc290c2 elementor-widget elementor-widget-text-editor\" data-id=\"dc290c2\" data-element_type=\"widget\" data-e-type=\"widget\" data-widget_type=\"text-editor.default\">\n\t\t\t\t<div class=\"elementor-widget-container\">\n\t\t\t\t\t\t\t\t\t<h3>CONDIZIONI GENERALI DI UTILIZZO<\/h3>\n<p><strong>Condizioni generali d&#8217;uso<\/strong><\/p>\n<p>Le Condizioni Generali descrivono, determinano e disciplinano l&#8217;utilizzo dei contenuti e dei servizi del sito web bit-center.net (\u201cSito\u201d).<\/p>\n<p>Il Sito \u00e8 di propriet\u00e0 e gestito da BIT Center d.o.o.<\/p>\n<p>Ci riserviamo il diritto di modificare qualsiasi parte del Sito e di eliminare qualsiasi parte del contenuto senza preavviso.<\/p>\n<p><strong>Utenti del sito<\/strong><\/p>\n<p>Un Utente \u00e8 qualsiasi persona che accede al Sito e lo utilizza per qualsiasi scopo. L&#8217;utilizzo \u00e8 possibile per un numero indefinito di utenti che usufruiscono del servizio con modalit\u00e0, nei termini e nel rispetto delle presenti condizioni.<\/p>\n<p><strong>Diritto d&#8217;autore<\/strong><\/p>\n<p>Il contenuto non pu\u00f2 essere riprodotto, modificato, trascritto, ripubblicato e distribuito senza previa autorizzazione scritta del provider.<\/p>\n<p><strong>Utilizzo dei contenuti<\/strong><\/p>\n<p>Tutti i contenuti pubblicati sono utilizzati dagli utenti a proprio rischio. Il fornitore del servizio cercher\u00e0 di garantire che tutti i contenuti siano corretti e aggiornati, ma non ne \u00e8 responsabile.<\/p>\n<p><strong>Accessibilit\u00e0 del sito<\/strong><\/p>\n<p>Ci riserviamo il diritto di sospendere l&#8217;accesso al Sito per motivi tecnici di manutenzione e sostituzione delle apparecchiature. Non garantiamo l&#8217;accessibilit\u00e0 del Sito in caso di interruzioni della rete o eventuali interruzioni, errori, altri malfunzionamenti tecnici o interruzioni.<\/p>\n<p><strong>Termini di servizio<\/strong><\/p>\n<p>Ci riserviamo il diritto di rifiutare qualsiasi richiesta per uno qualsiasi dei servizi offerti sul Sito, per qualsiasi motivo. Ci riserviamo inoltre il diritto di non rispondere ad alcun messaggio ricevuto tramite il Sito.<\/p>\n<p><strong>Link<\/strong><\/p>\n<p>I siti web collegati da questo Sito non sono sotto il nostro controllo e pertanto non siamo responsabili delle informazioni contenute nei siti collegati.<\/p>\t\t\t\t\t\t\t\t<\/div>\n\t\t\t\t<\/div>\n\t\t\t\t\t<\/div>\n\t\t<\/div>\n\t\t\t\t\t<\/div>\n\t\t<\/section>\n\t\t\t\t<section class=\"elementor-section elementor-top-section elementor-element elementor-element-300c791 elementor-section-boxed elementor-section-height-default elementor-section-height-default\" data-id=\"300c791\" data-element_type=\"section\" data-e-type=\"section\" id=\"vop\">\n\t\t\t\t\t\t<div class=\"elementor-container elementor-column-gap-default\">\n\t\t\t\t\t<div class=\"elementor-column elementor-col-100 elementor-top-column elementor-element elementor-element-2c81526\" data-id=\"2c81526\" data-element_type=\"column\" data-e-type=\"column\">\n\t\t\t<div class=\"elementor-widget-wrap elementor-element-populated\">\n\t\t\t\t\t\t<div class=\"elementor-element elementor-element-846c4b3 elementor-widget elementor-widget-text-editor\" data-id=\"846c4b3\" data-element_type=\"widget\" data-e-type=\"widget\" data-widget_type=\"text-editor.default\">\n\t\t\t\t<div class=\"elementor-widget-container\">\n\t\t\t\t\t\t\t\t\t<h3>PROTEZIONE DEI DATI PERSONALI<\/h3>\n<p>Informazioni del responsabile del trattamento: BIT Center d.o.o., Litija cesta 57, 1000 Ljubljana, E: info@wudhotel.si T: +386 1 548 00 55 BIT Center d.o.o. raccoglie ed elabora alcuni dati personali sui visitatori del proprio Sito e alcuni dati sulle persone che lasciano le proprie informazioni di contatto quando inviano una richiesta.<\/p>\n<p>Utilizziamo Google Analytics per raccogliere informazioni sulle pagine che visiti sul nostro sito, con quale frequenza, per quanto tempo ci rimani, ecc.<\/p>\n<p>Sulla base di queste informazioni, possiamo vedere quanti visitatori stanno visitando le nostre pagine web, a quali parti del Sito sono maggiormente interessati o se hanno problemi a visitarle.<\/p>\n<p>Subito dopo la loro raccolta, i dati dei visitatori del Sito vengono anonimizzati e da allora conservati in forma aggregata.<\/p>\n<p>Conserviamo le informazioni di contatto e-mail fino a quando l&#8217;utente non si cancella dall&#8217;elenco e-mail e quindi le eliminiamo entro un anno.<\/p>\n<p>Ogni utente ha il diritto di cancellarsi dal proprio indirizzo di posta elettronica in qualsiasi momento inviando una richiesta scritta, oppure pu\u00f2 cancellarsi cliccando sull&#8217;apposito link a ciascuna newsletter.<\/p>\n<p>Non condividiamo le informazioni di cui sopra con utenti esterni. Tuttavia, per quanto riguarda l&#8217;analisi dei dati web, li elaboriamo con l&#8217;assistenza di Google (Google Analytics), che in alcuni casi pu\u00f2 comportare il trasferimento di dati personali a un processore statunitense. Tale trasferimento \u00e8 possibile in virt\u00f9 di una specifica decisione della Commissione Europea denominata Privacy Shield, la quale prevede che le societ\u00e0 statunitensi, che si impegnano a rispettare i principi di tale scudo, forniscano un livello adeguato di protezione dei dati personali. Vedere https:\/\/www.privacyshield.gov\/welcome per ulteriori informazioni.<\/p>\n<p>Si ricorda agli individui che hanno determinati diritti ai sensi del Regolamento Generale (accesso ai propri dati, correzione di eventuali informazioni errate, ecc.). Possono esercitare tali diritti mediante richiesta scritta indirizzata al nostro indirizzo di contatto sopra indicato. Se non sono soddisfatti della nostra risposta, hanno la possibilit\u00e0 di ricorrere all&#8217;autorit\u00e0 di controllo competente (Commissario per l&#8217;informazione, Zalo\u0161ka 59, 1000 Ljubljana, gp.ip@ip-rs.si) o di chiedere protezione legale.<\/p>\n<p>In conclusione, il Centro BIT d.o.o. tratta i tuoi dati personali in modo responsabile e nel pieno rispetto delle prassi di mercato consolidate.<\/p>\n<p>Lubiana,<br \/>07.09.2021<\/p>\t\t\t\t\t\t\t\t<\/div>\n\t\t\t\t<\/div>\n\t\t\t\t\t<\/div>\n\t\t<\/div>\n\t\t\t\t\t<\/div>\n\t\t<\/section>\n\t\t\t\t<\/div>\n\t\t","protected":false},"excerpt":{"rendered":"<p>Termini del servizio CONDIZIONI GENERALI DI UTILIZZO Condizioni generali d&#8217;uso Le Condizioni Generali descrivono, determinano e disciplinano l&#8217;utilizzo dei contenuti e dei servizi del sito web bit-center.net (\u201cSito\u201d). Il Sito \u00e8 di propriet\u00e0 e gestito da BIT Center d.o.o. Ci riserviamo il diritto di modificare qualsiasi parte del Sito e di eliminare qualsiasi parte del [&hellip;]<\/p>\n","protected":false},"author":1,"featured_media":0,"parent":0,"menu_order":0,"comment_status":"closed","ping_status":"closed","template":"","meta":{"footnotes":""},"class_list":["post-1494","page","type-page","status-publish","hentry"],"_links":{"self":[{"href":"https:\/\/www.bit-center.net\/it\/wp-json\/wp\/v2\/pages\/1494","targetHints":{"allow":["GET"]}}],"collection":[{"href":"https:\/\/www.bit-center.net\/it\/wp-json\/wp\/v2\/pages"}],"about":[{"href":"https:\/\/www.bit-center.net\/it\/wp-json\/wp\/v2\/types\/page"}],"author":[{"embeddable":true,"href":"https:\/\/www.bit-center.net\/it\/wp-json\/wp\/v2\/users\/1"}],"replies":[{"embeddable":true,"href":"https:\/\/www.bit-center.net\/it\/wp-json\/wp\/v2\/comments?post=1494"}],"version-history":[{"count":0,"href":"https:\/\/www.bit-center.net\/it\/wp-json\/wp\/v2\/pages\/1494\/revisions"}],"wp:attachment":[{"href":"https:\/\/www.bit-center.net\/it\/wp-json\/wp\/v2\/media?parent=1494"}],"curies":[{"name":"wp","href":"https:\/\/api.w.org\/{rel}","templated":true}]}}