{"id":1777,"date":"2021-08-31T10:42:30","date_gmt":"2021-08-31T08:42:30","guid":{"rendered":"http:\/\/www.bit-center.net\/kekse\/"},"modified":"2021-09-09T09:31:41","modified_gmt":"2021-09-09T07:31:41","slug":"kekse","status":"publish","type":"page","link":"https:\/\/www.bit-center.net\/de\/kekse\/","title":{"rendered":"Kekse"},"content":{"rendered":"\t\t<div data-elementor-type=\"wp-page\" data-elementor-id=\"1777\" class=\"elementor elementor-1777 elementor-1740\" data-elementor-post-type=\"page\">\n\t\t\t\t\t\t<section class=\"elementor-section elementor-top-section elementor-element elementor-element-51507a6 elementor-section-boxed elementor-section-height-default elementor-section-height-default\" data-id=\"51507a6\" data-element_type=\"section\" data-e-type=\"section\" data-settings=\"{&quot;background_background&quot;:&quot;classic&quot;}\">\n\t\t\t\t\t\t\t<div class=\"elementor-background-overlay\"><\/div>\n\t\t\t\t\t\t\t<div class=\"elementor-container elementor-column-gap-default\">\n\t\t\t\t\t<div class=\"elementor-column elementor-col-100 elementor-top-column elementor-element elementor-element-639a296\" data-id=\"639a296\" data-element_type=\"column\" data-e-type=\"column\">\n\t\t\t<div class=\"elementor-widget-wrap elementor-element-populated\">\n\t\t\t\t\t\t<section class=\"elementor-section elementor-inner-section elementor-element elementor-element-e6f8dba elementor-section-boxed elementor-section-height-default elementor-section-height-default\" data-id=\"e6f8dba\" data-element_type=\"section\" data-e-type=\"section\">\n\t\t\t\t\t\t<div class=\"elementor-container elementor-column-gap-default\">\n\t\t\t\t\t<div class=\"elementor-column elementor-col-100 elementor-inner-column elementor-element elementor-element-4318af8\" data-id=\"4318af8\" data-element_type=\"column\" data-e-type=\"column\">\n\t\t\t<div class=\"elementor-widget-wrap elementor-element-populated\">\n\t\t\t\t\t\t<div class=\"elementor-element elementor-element-bfdf4c3 elementor-widget elementor-widget-heading\" data-id=\"bfdf4c3\" data-element_type=\"widget\" data-e-type=\"widget\" data-widget_type=\"heading.default\">\n\t\t\t\t<div class=\"elementor-widget-container\">\n\t\t\t\t\t<h1 class=\"elementor-heading-title elementor-size-default\">Cookies<\/h1>\t\t\t\t<\/div>\n\t\t\t\t<\/div>\n\t\t\t\t\t<\/div>\n\t\t<\/div>\n\t\t\t\t\t<\/div>\n\t\t<\/section>\n\t\t\t\t\t<\/div>\n\t\t<\/div>\n\t\t\t\t\t<\/div>\n\t\t<\/section>\n\t\t\t\t<section class=\"elementor-section elementor-top-section elementor-element elementor-element-8acd741 elementor-section-boxed elementor-section-height-default elementor-section-height-default\" data-id=\"8acd741\" data-element_type=\"section\" data-e-type=\"section\">\n\t\t\t\t\t\t<div class=\"elementor-container elementor-column-gap-default\">\n\t\t\t\t\t<div class=\"elementor-column elementor-col-100 elementor-top-column elementor-element elementor-element-6cc4a91\" data-id=\"6cc4a91\" data-element_type=\"column\" data-e-type=\"column\">\n\t\t\t<div class=\"elementor-widget-wrap elementor-element-populated\">\n\t\t\t\t\t\t<div class=\"elementor-element elementor-element-0fc797d elementor-widget elementor-widget-text-editor\" data-id=\"0fc797d\" data-element_type=\"widget\" data-e-type=\"widget\" data-widget_type=\"text-editor.default\">\n\t\t\t\t<div class=\"elementor-widget-container\">\n\t\t\t\t\t\t\t\t\t<p><strong>Cookies<\/strong><\/p><p>August 2021<\/p><p>Das Unternehmen BIT Center doo, das in Slowenien mit der Registrierungsnummer 1875558000 und der Gesch\u00e4ftsadresse Litijska cesta 57, Ljubljana, 1000 Ljubljana, Slowenien, EU (\u201eBIT Center\u201c) registriert ist, verwendet auf seiner Website Cookies als Verantwortlicher im Sinne der EU-Datenschutz-Grundverordnung (DSGVO) und anderer nationaler Datenschutzgesetze der Mitgliedsstaaten sowie sonstiger datenschutzrechtlicher Bestimmungen.<\/p><p><strong>\u00dcber Cookies<\/strong><\/p><p><strong>Cookies\u00a0sind nichts neues<\/strong> und werden von allen Website-Besucher\u00a0 verschiedenen Websites auf ihren Computern, Tablets und Mobiltelefonen gespeichert. Neu ist, dass es mit der neuen Gesetzgebung (ZEKom-1) \u00c4nderungen in Bezug auf Informationen bzw. Zustimmung der Nutzer zu ihrer Verwendung.<\/p><p>[user_consent_state]<\/p><p><strong>Was sind Cookies?<\/strong><\/p><p>Dabei handelt es sich um kleine Textdateien, die die meisten Websites auf Ger\u00e4ten speichern, mit denen Benutzer auf das Internet zugreifen k\u00f6nnen, um die einzelnen Ger\u00e4te zu identifizieren, mit denen Nutzer darauf zugegriffen haben. Ihre Speicherung unterliegt der vollen Kontrolle des Browsers, den der Nutzer hat &#8211; er kann<strong> das Speichern von Cookies nach Wunsch einschr\u00e4nken oder deaktivieren<\/strong> . Cookies<strong>\u00a0 sind nicht sch\u00e4dlich<\/strong> und<strong>\u00a0sind immer zeitlich begrenzt<\/strong> .<\/p><p><strong>Warum werden Cookies ben\u00f6tigt?<\/strong><\/p><p>Sie sind grundlegend f\u00fcr die<strong> Bereitstellung benutzerfreundlicher Online-Dienste<\/strong> . Die Interaktion zwischen dem Webnutzer und der Website ist mit Hilfe von Cookies schneller und einfacher. Mit ihrer Hilfe merkt sich die Seite die Vorlieben und Erfahrungen des einzelnen Benutzers, spart so Zeit und erm\u00f6glicht das Surfen auf den Sites effizienter und Benutzer-freundlicher.<\/p><p>Hier sind einige konkrete Beispiele f\u00fcr die Verwendung von Cookies:<\/p><ul><li><strong>f\u00fcr eine bessere Benutzererfahrung<\/strong> wird die Darstellung der Inhalte der Website dem Benutzern entsprechend der vergangenen Besuche an,<\/li><li>zum<strong> Auswahl speichern<\/strong> bei der Erstellung einer Shortlist von Ger\u00e4ten und Angeboten und deren Vergleich,<\/li><li>auf den registrierungspflichtigen Teilen der Seiten,<strong> Wir halten Sie eingeloggt,<\/strong><\/li><li>um Ihr Ger\u00e4t (Computer, Tablet, Mobiltelefon) zu identifizieren, das es erm\u00f6glicht<strong> Passen Sie die Anzeige von Inhalten an Ihr Ger\u00e4t an<\/strong><\/li><li>zum<strong> \u00dcberwachung des Besuchs<\/strong> , mit dem Sie die Leistung des Inhalts und die Relevanz von Anzeigen und die kontinuierliche Verbesserung von Websites \u00fcberpr\u00fcfen k\u00f6nnen,<\/li><li><strong>sie sind f\u00fcr den Betrieb bestimmter Dienste erforderlich<\/strong> (zB Online-Banken, Online-Shops und andere Formen des E-Commerce &#8230;).<\/li><\/ul><p>[cookie_audit columns=&#8220;cookie,description&#8220; heading=&#8220;Die untere Tabelle f\u00fchrt Cokies an, die auf unserer Webseite verwendet werden.&#8220;]<\/p><p><strong>Cookie-Einstellungen<\/strong><\/p><p>Sie k\u00f6nnen die Cookie-Einstellungen auch in Ihrem Webbrowser steuern und \u00e4ndern.<\/p><p>Um Informationen zu den Cookie-Einstellungen zu erhalten, w\u00e4hlen Sie den von Ihnen verwendeten Webbrowser aus.<\/p><ul><li><a href=\"http:\/\/windows.microsoft.com\/sl-si\/windows7\/how-to-manage-cookies-in-internet-explorer-9\" target=\"_blank\" rel=\"noopener\">Internet Explorer 9<\/a><\/li><li><a href=\"http:\/\/windows.microsoft.com\/sl-si\/windows-vista\/block-or-allow-cookies\" target=\"_blank\" rel=\"noopener\">Internet Explorer 7 und 8<\/a><\/li><li><a href=\"https:\/\/support.google.com\/chrome\/answer\/95647?hl=sl-sl&amp;p=cpn_cookies\" target=\"_blank\" rel=\"noopener\">Chrom<\/a><\/li><li><a href=\"http:\/\/support.mozilla.org\/sl\/kb\/kako-omogocite-onemogocite-piskote-v-katerih-splet\" target=\"_blank\" rel=\"noopener\">Feuerfuchs<\/a><\/li><li><a href=\"http:\/\/www.opera.com\/help\/tutorials\/security\/cookies\/\" target=\"_blank\" rel=\"noopener\">Oper (englische Seite)<\/a><\/li><li><a href=\"http:\/\/support.apple.com\/kb\/PH11913\" target=\"_blank\" rel=\"noopener\">Safari (englische Seite)<\/a><\/li><\/ul><p>[cookie_settings]<\/p><p><strong>Kontaktieren Sie uns<\/strong><\/p><p>Bei Fragen oder Anmerkungen zu Cookies stehen wir Ihnen unter der E-Mail-Adresse hotel@bit-center.net gerne zur Verf\u00fcgung.<\/p><p>BIT Center doo<\/p>\t\t\t\t\t\t\t\t<\/div>\n\t\t\t\t<\/div>\n\t\t\t\t\t<\/div>\n\t\t<\/div>\n\t\t\t\t\t<\/div>\n\t\t<\/section>\n\t\t\t\t<\/div>\n\t\t","protected":false},"excerpt":{"rendered":"<p>Cookies Cookies August 2021 Das Unternehmen BIT Center doo, das in Slowenien mit der Registrierungsnummer 1875558000 und der Gesch\u00e4ftsadresse Litijska cesta 57, Ljubljana, 1000 Ljubljana, Slowenien, EU (\u201eBIT Center\u201c) registriert ist, verwendet auf seiner Website Cookies als Verantwortlicher im Sinne der EU-Datenschutz-Grundverordnung (DSGVO) und anderer nationaler Datenschutzgesetze der Mitgliedsstaaten sowie sonstiger datenschutzrechtlicher Bestimmungen. \u00dcber Cookies [&hellip;]<\/p>\n","protected":false},"author":1,"featured_media":0,"parent":0,"menu_order":0,"comment_status":"closed","ping_status":"closed","template":"","meta":{"footnotes":""},"class_list":["post-1777","page","type-page","status-publish","hentry"],"_links":{"self":[{"href":"https:\/\/www.bit-center.net\/de\/wp-json\/wp\/v2\/pages\/1777","targetHints":{"allow":["GET"]}}],"collection":[{"href":"https:\/\/www.bit-center.net\/de\/wp-json\/wp\/v2\/pages"}],"about":[{"href":"https:\/\/www.bit-center.net\/de\/wp-json\/wp\/v2\/types\/page"}],"author":[{"embeddable":true,"href":"https:\/\/www.bit-center.net\/de\/wp-json\/wp\/v2\/users\/1"}],"replies":[{"embeddable":true,"href":"https:\/\/www.bit-center.net\/de\/wp-json\/wp\/v2\/comments?post=1777"}],"version-history":[{"count":0,"href":"https:\/\/www.bit-center.net\/de\/wp-json\/wp\/v2\/pages\/1777\/revisions"}],"wp:attachment":[{"href":"https:\/\/www.bit-center.net\/de\/wp-json\/wp\/v2\/media?parent=1777"}],"curies":[{"name":"wp","href":"https:\/\/api.w.org\/{rel}","templated":true}]}}