{"id":1773,"date":"2021-08-31T10:42:24","date_gmt":"2021-08-31T08:42:24","guid":{"rendered":"http:\/\/www.bit-center.net\/?page_id=1773"},"modified":"2021-09-07T23:06:23","modified_gmt":"2021-09-07T21:06:23","slug":"nutzungsbedingungen","status":"publish","type":"page","link":"https:\/\/www.bit-center.net\/de\/nutzungsbedingungen\/","title":{"rendered":"Nutzungsbedingungen"},"content":{"rendered":"\t\t<div data-elementor-type=\"wp-page\" data-elementor-id=\"1773\" class=\"elementor elementor-1773 elementor-3\" data-elementor-post-type=\"page\">\n\t\t\t\t\t\t<section class=\"elementor-section elementor-top-section elementor-element elementor-element-7a54080 elementor-section-boxed elementor-section-height-default elementor-section-height-default\" data-id=\"7a54080\" data-element_type=\"section\" data-e-type=\"section\" data-settings=\"{&quot;background_background&quot;:&quot;classic&quot;}\">\n\t\t\t\t\t\t\t<div class=\"elementor-background-overlay\"><\/div>\n\t\t\t\t\t\t\t<div class=\"elementor-container elementor-column-gap-default\">\n\t\t\t\t\t<div class=\"elementor-column elementor-col-100 elementor-top-column elementor-element elementor-element-0331e10\" data-id=\"0331e10\" data-element_type=\"column\" data-e-type=\"column\">\n\t\t\t<div class=\"elementor-widget-wrap elementor-element-populated\">\n\t\t\t\t\t\t<section class=\"elementor-section elementor-inner-section elementor-element elementor-element-8ef2ede elementor-section-boxed elementor-section-height-default elementor-section-height-default\" data-id=\"8ef2ede\" data-element_type=\"section\" data-e-type=\"section\">\n\t\t\t\t\t\t<div class=\"elementor-container elementor-column-gap-default\">\n\t\t\t\t\t<div class=\"elementor-column elementor-col-100 elementor-inner-column elementor-element elementor-element-47487f9\" data-id=\"47487f9\" data-element_type=\"column\" data-e-type=\"column\">\n\t\t\t<div class=\"elementor-widget-wrap elementor-element-populated\">\n\t\t\t\t\t\t<div class=\"elementor-element elementor-element-4cf6590 elementor-widget elementor-widget-heading\" data-id=\"4cf6590\" data-element_type=\"widget\" data-e-type=\"widget\" data-widget_type=\"heading.default\">\n\t\t\t\t<div class=\"elementor-widget-container\">\n\t\t\t\t\t<h1 class=\"elementor-heading-title elementor-size-default\">Allgemeine Nutzungsbedingungen<\/h1>\t\t\t\t<\/div>\n\t\t\t\t<\/div>\n\t\t\t\t\t<\/div>\n\t\t<\/div>\n\t\t\t\t\t<\/div>\n\t\t<\/section>\n\t\t\t\t\t<\/div>\n\t\t<\/div>\n\t\t\t\t\t<\/div>\n\t\t<\/section>\n\t\t\t\t<section class=\"elementor-section elementor-top-section elementor-element elementor-element-513f8250 elementor-section-boxed elementor-section-height-default elementor-section-height-default\" data-id=\"513f8250\" data-element_type=\"section\" data-e-type=\"section\">\n\t\t\t\t\t\t<div class=\"elementor-container elementor-column-gap-default\">\n\t\t\t\t\t<div class=\"elementor-column elementor-col-100 elementor-top-column elementor-element elementor-element-7402a78d\" data-id=\"7402a78d\" data-element_type=\"column\" data-e-type=\"column\">\n\t\t\t<div class=\"elementor-widget-wrap elementor-element-populated\">\n\t\t\t\t\t\t<div class=\"elementor-element elementor-element-dc290c2 elementor-widget elementor-widget-text-editor\" data-id=\"dc290c2\" data-element_type=\"widget\" data-e-type=\"widget\" data-widget_type=\"text-editor.default\">\n\t\t\t\t<div class=\"elementor-widget-container\">\n\t\t\t\t\t\t\t\t\t<h3>ALLGEMEINE NUTZUNGSBEDINGUNGEN<\/h3><p><strong>Allgemeine Nutzungsbedingungen<\/strong><\/p><p>Die Allgemeinen Gesch\u00e4ftsbedingungen beschreiben, bestimmen und regeln die Nutzung der Inhalte und Dienste der Website bit-center.net (\u201eSite\u201c).<\/p><p>Die Website ist Eigentum von BIT Center d.o.o. (GmBH) und wird von ihr betrieben.<\/p><p>Wir behalten uns das Recht vor, jeden Teil der Site zu \u00e4ndern und jeden Teil des Inhalts ohne vorherige Ank\u00fcndigung zu l\u00f6schen.<\/p><p><strong>Website-Benutzer<\/strong><\/p><p>Ein Benutzer ist jede Person, die auf die Site zugreift und sie f\u00fcr einen beliebigen Zweck verwendet. Die Nutzung ist f\u00fcr eine unbestimmte Anzahl von Nutzern m\u00f6glich, die den Dienst in einer Weise, zu den Bedingungen und in \u00dcbereinstimmung mit diesen Bedingungen erhalten.<\/p><p><strong>Urheberrechte<\/strong><\/p><p>Der Inhalt darf ohne vorherige schriftliche Genehmigung des Anbieters nicht vervielf\u00e4ltigt, ver\u00e4ndert, transkribiert, neu ver\u00f6ffentlicht und verbreitet werden.<\/p><p><strong>Nutzung von Inhalten<\/strong><\/p><p>Alle ver\u00f6ffentlichten Inhalte werden von den Nutzern auf eigene Gefahr genutzt. Der Diensteanbieter bem\u00fcht sich um Richtigkeit und Aktualit\u00e4t der Inhalte, ist daf\u00fcr aber nicht verantwortlich.<\/p><p><strong>Barrierefreiheit der Website<\/strong><\/p><p>Wir behalten uns das Recht vor, den Zugriff auf die Website aus technischen Gr\u00fcnden f\u00fcr die Wartung und den Austausch von Ger\u00e4ten auszusetzen. Wir garantieren nicht die Erreichbarkeit der Site bei Netzwerkausf\u00e4llen oder Ausf\u00e4llen, Fehlern, anderen technischen St\u00f6rungen oder Unterbrechungen.<\/p><p><strong>Nutzungsbedingungen<\/strong><\/p><p>Wir behalten uns das Recht vor, jede Anfrage f\u00fcr einen der auf der Website angebotenen Dienste aus irgendeinem Grund abzulehnen. Wir behalten uns au\u00dferdem das Recht vor, auf Nachrichten, die \u00fcber die Site eingehen, nicht zu antworten.<\/p><p><strong>Links<\/strong><\/p><p>Die Websites, auf die von dieser Site aus verlinkt wird, unterliegen nicht unserer Kontrolle und wir sind daher nicht f\u00fcr die Informationen auf verlinkten Websites verantwortlich.<\/p>\t\t\t\t\t\t\t\t<\/div>\n\t\t\t\t<\/div>\n\t\t\t\t\t<\/div>\n\t\t<\/div>\n\t\t\t\t\t<\/div>\n\t\t<\/section>\n\t\t\t\t<section class=\"elementor-section elementor-top-section elementor-element elementor-element-300c791 elementor-section-boxed elementor-section-height-default elementor-section-height-default\" data-id=\"300c791\" data-element_type=\"section\" data-e-type=\"section\" id=\"vop\">\n\t\t\t\t\t\t<div class=\"elementor-container elementor-column-gap-default\">\n\t\t\t\t\t<div class=\"elementor-column elementor-col-100 elementor-top-column elementor-element elementor-element-2c81526\" data-id=\"2c81526\" data-element_type=\"column\" data-e-type=\"column\">\n\t\t\t<div class=\"elementor-widget-wrap elementor-element-populated\">\n\t\t\t\t\t\t<div class=\"elementor-element elementor-element-846c4b3 elementor-widget elementor-widget-text-editor\" data-id=\"846c4b3\" data-element_type=\"widget\" data-e-type=\"widget\" id=\"vop\" data-widget_type=\"text-editor.default\">\n\t\t\t\t<div class=\"elementor-widget-container\">\n\t\t\t\t\t\t\t\t\t<h3>SCHUTZ PERSONENBEZOGENER DATEN<\/h3>\n<p>Informationen des Datenverarbeiters: BIT Center d.o.o., Litija cesta 57, 1000 Ljubljana, E: info@wudhotel.si T: +386 1 548 00 55 BIT Center d.o.o. sammelt und verarbeitet bestimmte personenbezogene Daten von Besuchern seiner Website und bestimmte Daten von Personen, die ihre Kontaktinformationen beim Senden einer Anfrage hinterlassen.<\/p>\n<p>Wir verwenden Google Analytics, um Informationen dar\u00fcber zu sammeln, welche Seiten Sie auf unserer Website besuchen, wie oft, wie lange Sie dort bleiben usw.<\/p>\n<p>Anhand dieser Informationen k\u00f6nnen wir sehen, wie viele Besucher unsere Webseiten besuchen, f\u00fcr welche Teile der Website sie sich am meisten interessieren oder ob sie Probleme beim Besuch haben.<\/p>\n<p>Unmittelbar nach der Erhebung werden die Daten der Seitenbesucher anonymisiert und seitdem in aggregierter Form gespeichert.<\/p>\n<p>Wir bewahren die E-Mail-Kontaktinformationen auf, bis sich der Benutzer von der E-Mail-Liste abmeldet, und l\u00f6schen sie dann innerhalb eines Jahres.<\/p>\n<p>Jeder Nutzer hat das Recht, sich jederzeit von seiner E-Mail-Adresse durch schriftliche Anfrage oder durch Anklicken des entsprechenden Links in jedem Newsletter abzumelden.<\/p>\n<p>Wir geben die oben genannten Informationen nicht an externe Benutzer weiter. Was die Webanalyse angeht, verarbeiten wir diese jedoch mit Hilfe von Google (Google Analytics), wobei in einigen F\u00e4llen personenbezogene Daten an einen US-amerikanischen Auftragsverarbeiter \u00fcbertragen werden k\u00f6nnen. Eine solche \u00dcbermittlung ist gem\u00e4\u00df einer besonderen Entscheidung der Europ\u00e4ischen Kommission, dem sogenannten Privacy Shield, m\u00f6glich, der besagt, dass US-Unternehmen, die sich zur Einhaltung der Grunds\u00e4tze dieses Shields verpflichten, ein angemessenes Datenschutzniveau gew\u00e4hrleisten. Weitere Informationen finden Sie unter https:\/\/www.privacyshield.gov\/welcome.<\/p>\n<p>Einzelpersonen werden daran erinnert, dass sie gem\u00e4\u00df der Allgemeinen Verordnung bestimmte Rechte haben (Zugang zu ihren Daten, Berichtigung falscher Informationen usw.). Sie k\u00f6nnen diese Rechte durch schriftliche Anfrage an unsere oben genannte Kontaktadresse aus\u00fcben. Sollten sie mit unserer Antwort nicht zufrieden sein, haben sie die M\u00f6glichkeit sich bei der zust\u00e4ndigen Aufsichtsbeh\u00f6rde (Informationsbeauftragter, Zalo\u0161ka 59, 1000 Ljubljana, gp.ip@ip-rs.si) zu beschweren oder rechtlichen Schutz zu suchen.<\/p>\n<p>Zusammenfassend l\u00e4sst sich sagen, dass das BIT Center d.o.o. geht verantwortungsvoll und in \u00dcbereinstimmung mit den g\u00e4ngigen Marktpraktiken mit Ihren personenbezogenen Daten um.<\/p>\n<p>Ljubljana,<br \/>07.09.2021<\/p>\t\t\t\t\t\t\t\t<\/div>\n\t\t\t\t<\/div>\n\t\t\t\t\t<\/div>\n\t\t<\/div>\n\t\t\t\t\t<\/div>\n\t\t<\/section>\n\t\t\t\t<\/div>\n\t\t","protected":false},"excerpt":{"rendered":"<p>Allgemeine Nutzungsbedingungen ALLGEMEINE NUTZUNGSBEDINGUNGEN Allgemeine Nutzungsbedingungen Die Allgemeinen Gesch\u00e4ftsbedingungen beschreiben, bestimmen und regeln die Nutzung der Inhalte und Dienste der Website bit-center.net (\u201eSite\u201c). Die Website ist Eigentum von BIT Center d.o.o. (GmBH) und wird von ihr betrieben. Wir behalten uns das Recht vor, jeden Teil der Site zu \u00e4ndern und jeden Teil des Inhalts ohne [&hellip;]<\/p>\n","protected":false},"author":1,"featured_media":0,"parent":0,"menu_order":0,"comment_status":"closed","ping_status":"closed","template":"","meta":{"footnotes":""},"class_list":["post-1773","page","type-page","status-publish","hentry"],"_links":{"self":[{"href":"https:\/\/www.bit-center.net\/de\/wp-json\/wp\/v2\/pages\/1773","targetHints":{"allow":["GET"]}}],"collection":[{"href":"https:\/\/www.bit-center.net\/de\/wp-json\/wp\/v2\/pages"}],"about":[{"href":"https:\/\/www.bit-center.net\/de\/wp-json\/wp\/v2\/types\/page"}],"author":[{"embeddable":true,"href":"https:\/\/www.bit-center.net\/de\/wp-json\/wp\/v2\/users\/1"}],"replies":[{"embeddable":true,"href":"https:\/\/www.bit-center.net\/de\/wp-json\/wp\/v2\/comments?post=1773"}],"version-history":[{"count":0,"href":"https:\/\/www.bit-center.net\/de\/wp-json\/wp\/v2\/pages\/1773\/revisions"}],"wp:attachment":[{"href":"https:\/\/www.bit-center.net\/de\/wp-json\/wp\/v2\/media?parent=1773"}],"curies":[{"name":"wp","href":"https:\/\/api.w.org\/{rel}","templated":true}]}}